{"id":6922,"date":"2023-11-19T10:39:22","date_gmt":"2023-11-19T10:39:22","guid":{"rendered":"https:\/\/demo.wpzoom.com\/inspiro-lite-blocks-xml\/?page_id=6922"},"modified":"2026-04-24T17:39:22","modified_gmt":"2026-04-24T17:39:22","slug":"homepage","status":"publish","type":"page","link":"https:\/\/lesrequinslutins.com\/","title":{"rendered":"Homepage"},"content":{"rendered":"\n<div class=\"wp-block-cover alignfull\" style=\"min-height:100vh;aspect-ratio:unset;\"><img fetchpriority=\"high\" decoding=\"async\" width=\"1024\" height=\"1024\" class=\"wp-block-cover__image-background wp-image-1315 size-full\" alt=\"\" src=\"https:\/\/lesrequinslutins.com\/wp-content\/uploads\/2026\/03\/ed443b3e87e9265780665885bb08a578-2.jpg\" data-object-fit=\"cover\" srcset=\"https:\/\/lesrequinslutins.com\/wp-content\/uploads\/2026\/03\/ed443b3e87e9265780665885bb08a578-2.jpg 1024w, https:\/\/lesrequinslutins.com\/wp-content\/uploads\/2026\/03\/ed443b3e87e9265780665885bb08a578-2-300x300.jpg 300w, https:\/\/lesrequinslutins.com\/wp-content\/uploads\/2026\/03\/ed443b3e87e9265780665885bb08a578-2-150x150.jpg 150w, https:\/\/lesrequinslutins.com\/wp-content\/uploads\/2026\/03\/ed443b3e87e9265780665885bb08a578-2-768x768.jpg 768w\" sizes=\"(max-width: 1024px) 100vw, 1024px\" \/><span aria-hidden=\"true\" class=\"wp-block-cover__background has-background-dim wp-block-cover__gradient-background has-background-gradient\" style=\"background:linear-gradient(185deg,rgb(0,0,0) 0%,rgba(0,0,0,0.53) 100%)\"><\/span><div class=\"wp-block-cover__inner-container has-global-padding is-layout-constrained wp-block-cover-is-layout-constrained\">\n<h1 class=\"wp-block-heading has-text-align-center has-white-color has-text-color has-max-72-font-size\">Les requins lutins<\/h1>\n\n\n\n<hr class=\"wp-block-separator has-text-color has-alpha-channel-opacity has-background is-style-default\" style=\"margin-top:var(--wp--preset--spacing--x-small);margin-bottom:var(--wp--preset--spacing--x-small);background-color:#ffffff47;color:#ffffff47\"\/>\n\n\n\n<div style=\"height:25px\" aria-hidden=\"true\" class=\"wp-block-spacer\"><\/div>\n\n\n\n<p class=\"has-text-align-center has-white-color has-text-color has-medium-font-size\">Le&nbsp;requin lutin&nbsp;est l\u2019une des esp\u00e8ces les plus fascinantes et m\u00e9connues de l\u2019oc\u00e9an. Vivant dans les grandes profondeurs, il se distingue par son apparence unique et son mode de vie encore largement myst\u00e9rieux.<\/p>\n<\/div><\/div>\n\n\n\n<div class=\"wp-block-group has-global-padding is-layout-constrained wp-container-core-group-is-layout-3a820303 wp-block-group-is-layout-constrained\" style=\"padding-right:var(--wp--preset--spacing--small);padding-left:var(--wp--preset--spacing--small)\">\n<div style=\"height:36px\" aria-hidden=\"true\" class=\"wp-block-spacer\"><\/div>\n\n\n\n<h2 class=\"wp-block-heading has-text-align-center has-medium-font-size\" style=\"letter-spacing:1px\">\u00c0 la d\u00e9couverte de la reproduction du requin lutin<\/h2>\n\n\n\n<div style=\"height:24px\" aria-hidden=\"true\" class=\"wp-block-spacer\"><\/div>\n\n\n\n<p class=\"has-text-align-center\">La reproduction du&nbsp;requin lutin&nbsp;reste encore aujourd\u2019hui tr\u00e8s peu connue. En raison de son habitat en grande profondeur, les scientifiques disposent de peu d\u2019observations directes.<\/p>\n\n\n\n<p class=\"has-text-align-center\">\u00c0 travers ce site, vous allez d\u00e9couvrir les connaissances actuelles, les hypoth\u00e8ses scientifiques, ainsi que les nombreux myst\u00e8res qui entourent ce ph\u00e9nom\u00e8ne fascinant.<\/p>\n\n\n\n<div class=\"wp-block-buttons is-horizontal is-content-justification-center is-layout-flex wp-container-core-buttons-is-layout-03627597 wp-block-buttons-is-layout-flex\">\n<div class=\"wp-block-button is-style-outline is-style-outline--1\"><a class=\"wp-block-button__link has-small-font-size has-custom-font-size wp-element-button\" href=\"https:\/\/lesrequinslutins.com\/?p=7031\" style=\"border-radius:0px;font-style:normal;font-weight:600\">Plongez dans l&rsquo;univers des requins lutins <\/a><\/div>\n<\/div>\n\n\n\n<div style=\"height:57px\" aria-hidden=\"true\" class=\"wp-block-spacer\"><\/div>\n<\/div>\n\n\n\n<div class=\"wp-block-group alignfull pattern_multiple_covers has-background-background-color has-background has-global-padding is-layout-constrained wp-block-group-is-layout-constrained\" id=\"services\">\n<h2 class=\"wp-block-heading has-text-align-left\"><strong>D\u00e9couvrir le requin lutin<\/strong><\/h2>\n\n\n\n<p class=\"has-text-align-left\">Le&nbsp;requin lutin&nbsp;est une esp\u00e8ce rare vivant dans les profondeurs marines. Encore peu \u00e9tudi\u00e9, il intrigue par son apparence unique et son mode de vie myst\u00e9rieux.<\/p>\n\n\n\n<div class=\"wp-block-columns is-layout-flex wp-container-core-columns-is-layout-28f84493 wp-block-columns-is-layout-flex\">\n<div class=\"wp-block-column is-layout-flow wp-block-column-is-layout-flow\" style=\"padding-top:0;padding-right:0;padding-bottom:0;padding-left:0\">\n<div class=\"wp-block-cover has-custom-content-position is-position-bottom-left\" style=\"padding-top:var(--wp--preset--spacing--small);padding-right:var(--wp--preset--spacing--x-small);padding-bottom:var(--wp--preset--spacing--small);padding-left:var(--wp--preset--spacing--x-small)\"><img decoding=\"async\" width=\"1024\" height=\"588\" class=\"wp-block-cover__image-background wp-image-6984 size-large\" alt=\"\" src=\"https:\/\/lesrequinslutins.com\/wp-content\/uploads\/2026\/04\/IMG_1996-scaled-e1775079514579-1024x588.png\" data-object-fit=\"cover\" srcset=\"https:\/\/lesrequinslutins.com\/wp-content\/uploads\/2026\/04\/IMG_1996-scaled-e1775079514579-1024x588.png 1024w, https:\/\/lesrequinslutins.com\/wp-content\/uploads\/2026\/04\/IMG_1996-scaled-e1775079514579-300x172.png 300w, https:\/\/lesrequinslutins.com\/wp-content\/uploads\/2026\/04\/IMG_1996-scaled-e1775079514579-768x441.png 768w, https:\/\/lesrequinslutins.com\/wp-content\/uploads\/2026\/04\/IMG_1996-scaled-e1775079514579-600x344.png 600w, https:\/\/lesrequinslutins.com\/wp-content\/uploads\/2026\/04\/IMG_1996-scaled-e1775079514579.png 1145w\" sizes=\"(max-width: 1024px) 100vw, 1024px\" \/><span aria-hidden=\"true\" class=\"wp-block-cover__background has-primary-background-color has-background-dim-70 has-background-dim\"><\/span><div class=\"wp-block-cover__inner-container is-layout-flow wp-block-cover-is-layout-flow\">\n<h3 class=\"wp-block-heading has-white-color has-text-color has-medium-font-size\" style=\"margin-top:0;margin-right:0;margin-bottom:0;margin-left:0\"><strong>Caract\u00e9ristiques<\/strong><\/h3>\n\n\n\n<p class=\"has-secondary-color has-text-color has-link-color wp-elements-1f5c451e65c166309e1a4f14ab0c0c7a\" style=\"margin-top:0;margin-right:0;margin-bottom:0;margin-left:0\"><a href=\"#\">D\u00e9couvrir  \u2192<\/a><\/p>\n<\/div><\/div>\n<\/div>\n\n\n\n<div class=\"wp-block-column is-layout-flow wp-block-column-is-layout-flow\" style=\"padding-top:0;padding-right:0;padding-bottom:0;padding-left:0\">\n<div class=\"wp-block-cover has-custom-content-position is-position-bottom-left\" style=\"padding-top:var(--wp--preset--spacing--small);padding-right:var(--wp--preset--spacing--x-small);padding-bottom:var(--wp--preset--spacing--small);padding-left:var(--wp--preset--spacing--x-small)\"><img decoding=\"async\" width=\"1024\" height=\"614\" class=\"wp-block-cover__image-background wp-image-6448 size-large\" alt=\"\" src=\"https:\/\/lesrequinslutins.com\/wp-content\/uploads\/2021\/04\/cropped-StockSnap_M6D1GS9PSL-1024x614.jpg\" data-object-fit=\"cover\" srcset=\"https:\/\/lesrequinslutins.com\/wp-content\/uploads\/2021\/04\/cropped-StockSnap_M6D1GS9PSL-1024x614.jpg 1024w, https:\/\/lesrequinslutins.com\/wp-content\/uploads\/2021\/04\/cropped-StockSnap_M6D1GS9PSL-300x180.jpg 300w, https:\/\/lesrequinslutins.com\/wp-content\/uploads\/2021\/04\/cropped-StockSnap_M6D1GS9PSL.jpg 2000w\" sizes=\"(max-width: 1024px) 100vw, 1024px\" \/><span aria-hidden=\"true\" class=\"wp-block-cover__background has-primary-background-color has-background-dim-70 has-background-dim\"><\/span><div class=\"wp-block-cover__inner-container is-layout-flow wp-block-cover-is-layout-flow\">\n<h3 class=\"wp-block-heading has-white-color has-text-color has-medium-font-size\" style=\"margin-top:0;margin-right:0;margin-bottom:0;margin-left:0\"><strong>Habitat<\/strong><\/h3>\n\n\n\n<p class=\"has-secondary-color has-text-color has-link-color wp-elements-57616671efb75bc095170c082a1a22d4\" style=\"margin-top:0;margin-right:0;margin-bottom:0;margin-left:0\"><a href=\"#\">En savoir plus \u2192<\/a><\/p>\n<\/div><\/div>\n<\/div>\n\n\n\n<div class=\"wp-block-column is-layout-flow wp-block-column-is-layout-flow\" style=\"padding-top:0;padding-right:0;padding-bottom:0;padding-left:0\">\n<div class=\"wp-block-cover has-custom-content-position is-position-bottom-left\" style=\"padding-top:var(--wp--preset--spacing--small);padding-right:var(--wp--preset--spacing--x-small);padding-bottom:var(--wp--preset--spacing--small);padding-left:var(--wp--preset--spacing--x-small)\"><img loading=\"lazy\" decoding=\"async\" width=\"1024\" height=\"831\" class=\"wp-block-cover__image-background wp-image-6985 size-large\" alt=\"\" src=\"https:\/\/lesrequinslutins.com\/wp-content\/uploads\/2026\/04\/IMG_1998-scaled-e1775079549260-1024x831.png\" data-object-fit=\"cover\" srcset=\"https:\/\/lesrequinslutins.com\/wp-content\/uploads\/2026\/04\/IMG_1998-scaled-e1775079549260-1024x831.png 1024w, https:\/\/lesrequinslutins.com\/wp-content\/uploads\/2026\/04\/IMG_1998-scaled-e1775079549260-300x243.png 300w, https:\/\/lesrequinslutins.com\/wp-content\/uploads\/2026\/04\/IMG_1998-scaled-e1775079549260-768x623.png 768w, https:\/\/lesrequinslutins.com\/wp-content\/uploads\/2026\/04\/IMG_1998-scaled-e1775079549260-600x487.png 600w, https:\/\/lesrequinslutins.com\/wp-content\/uploads\/2026\/04\/IMG_1998-scaled-e1775079549260.png 1067w\" sizes=\"(max-width: 1024px) 100vw, 1024px\" \/><span aria-hidden=\"true\" class=\"wp-block-cover__background has-primary-background-color has-background-dim-70 has-background-dim\"><\/span><div class=\"wp-block-cover__inner-container is-layout-flow wp-block-cover-is-layout-flow\">\n<h3 class=\"wp-block-heading has-white-color has-text-color has-medium-font-size\" style=\"margin-top:0;margin-right:0;margin-bottom:0;margin-left:0\"><br>Reproduction<\/h3>\n\n\n\n<p class=\"has-secondary-color has-text-color has-link-color wp-elements-b73ed09e55faa47d9ce4bcae31ab0fb6\" style=\"margin-top:0;margin-right:0;margin-bottom:0;margin-left:0\"><a href=\"#\">Explorer  \u2192<\/a><\/p>\n<\/div><\/div>\n<\/div>\n<\/div>\n\n\n\n<div style=\"height:103px\" aria-hidden=\"true\" class=\"wp-block-spacer\"><\/div>\n<\/div>\n\n\n\n<div class=\"wp-block-cover alignfull has-parallax is-position-center-center\" style=\"border-radius:0px\"><div class=\"wp-block-cover__image-background wp-image-7025 size-full has-parallax\" style=\"background-position:50% 50%;background-image:url(https:\/\/lesrequinslutins.com\/wp-content\/uploads\/2026\/04\/2d77a34917dce8ed97b51ebf85f7d506.jpg)\"><\/div><span aria-hidden=\"true\" class=\"wp-block-cover__background has-black-background-color has-background-dim-40 has-background-dim\"><\/span><div class=\"wp-block-cover__inner-container is-layout-flow wp-block-cover-is-layout-flow\">\n<p><\/p>\n<\/div><\/div>\n\n\n\n<div class=\"wp-block-group alignfull has-global-padding is-layout-constrained wp-block-group-is-layout-constrained\">\n<div class=\"wp-block-group has-global-padding is-layout-constrained wp-block-group-is-layout-constrained\" style=\"padding-top:var(--wp--preset--spacing--small);padding-bottom:var(--wp--preset--spacing--small)\">\n<div style=\"height:30px\" aria-hidden=\"true\" class=\"wp-block-spacer\"><\/div>\n\n\n\n<div class=\"wp-block-columns is-layout-flex wp-container-core-columns-is-layout-c375d253 wp-block-columns-is-layout-flex\">\n<div class=\"wp-block-column is-vertically-aligned-center is-layout-flow wp-block-column-is-layout-flow\">\n<h1 class=\"wp-block-heading has-medium-font-size\" style=\"text-transform:uppercase\">Pr\u00e9sentation <\/h1>\n\n\n\n<p>Le requin lutin, aussi appel\u00e9 goblin shark, est une esp\u00e8ce rare et fascinante vivant dans les profondeurs oc\u00e9aniques. Ce requin des abysses intrigue les scientifiques par son apparence unique et son mode de vie encore largement m\u00e9connu.<\/p>\n\n\n\n<p>Reconnaissable \u00e0 son long museau et \u00e0 sa m\u00e2choire extensible, le requin lutin poss\u00e8de une technique de chasse impressionnante qui lui permet de capturer ses proies dans l\u2019obscurit\u00e9 totale. Il \u00e9volue g\u00e9n\u00e9ralement entre 200 et 1000 m\u00e8tres de profondeur, loin de la lumi\u00e8re et de l\u2019activit\u00e9 humaine.<\/p>\n\n\n\n<p>Consid\u00e9r\u00e9 comme un fossile vivant, ce requin primitif existe depuis des millions d\u2019ann\u00e9es. Son habitat, son alimentation et sa reproduction restent encore peu \u00e9tudi\u00e9s, ce qui en fait l\u2019un des animaux marins les plus myst\u00e9rieux.<\/p>\n\n\n\n<p>Sur ce site, d\u00e9couvrez toutes les informations essentielles sur le requin lutin : son mode de vie, ses caract\u00e9ristiques physiques, sa reproduction et son r\u00f4le dans l\u2019\u00e9cosyst\u00e8me marin.<\/p>\n\n\n\n<hr class=\"wp-block-separator has-alpha-channel-opacity\"\/>\n\n\n\n<p><br><\/p>\n\n\n\n<div class=\"wp-block-buttons is-horizontal is-content-justification-left is-layout-flex wp-container-core-buttons-is-layout-20be11b6 wp-block-buttons-is-layout-flex\">\n<div class=\"wp-block-button is-style-outline is-style-outline--2\"><a class=\"wp-block-button__link wp-element-button\" href=\"#\" style=\"border-radius:0px;font-style:normal;font-weight:600\">En savoir plus <\/a><\/div>\n<\/div>\n<\/div>\n\n\n\n<div class=\"wp-block-column is-layout-flow wp-block-column-is-layout-flow\">\n<figure class=\"wp-block-image size-large\"><img loading=\"lazy\" decoding=\"async\" width=\"1053\" height=\"702\" src=\"https:\/\/lesrequinslutins.com\/wp-content\/uploads\/2026\/04\/mitsukurina-owstoni-edited.webp\" alt=\"\" class=\"wp-image-7016\" srcset=\"https:\/\/lesrequinslutins.com\/wp-content\/uploads\/2026\/04\/mitsukurina-owstoni-edited.webp 1053w, https:\/\/lesrequinslutins.com\/wp-content\/uploads\/2026\/04\/mitsukurina-owstoni-edited-300x200.webp 300w, https:\/\/lesrequinslutins.com\/wp-content\/uploads\/2026\/04\/mitsukurina-owstoni-edited-1024x683.webp 1024w, https:\/\/lesrequinslutins.com\/wp-content\/uploads\/2026\/04\/mitsukurina-owstoni-edited-600x400.webp 600w\" sizes=\"(max-width: 1053px) 100vw, 1053px\" \/><\/figure>\n<\/div>\n<\/div>\n<\/div>\n<\/div>\n","protected":false},"excerpt":{"rendered":"<p>\u00c0 la d\u00e9couverte de la reproduction du requin lutin La reproduction du&nbsp;requin lutin&nbsp;reste encore aujourd\u2019hui tr\u00e8s peu connue. En raison de son habitat en grande profondeur, les scientifiques disposent de peu d\u2019observations directes. \u00c0 travers ce site, vous allez d\u00e9couvrir les connaissances actuelles, les hypoth\u00e8ses scientifiques, ainsi que les nombreux myst\u00e8res qui entourent ce ph\u00e9nom\u00e8ne &hellip; <\/p>\n<p class=\"link-more\"><a href=\"https:\/\/lesrequinslutins.com\/\" class=\"more-link\">Lire la suite de<span class=\"screen-reader-text\">\u00ab\u00a0Homepage\u00a0\u00bb<\/span><\/a><\/p>\n","protected":false},"author":1,"featured_media":0,"parent":0,"menu_order":0,"comment_status":"closed","ping_status":"closed","template":"page-templates\/full-width-transparent.php","meta":{"inspiro_hide_title":false,"footnotes":""},"class_list":["post-6922","page","type-page","status-publish","hentry"],"yoast_head":"<!-- This site is optimized with the Yoast SEO plugin v27.3 - https:\/\/yoast.com\/product\/yoast-seo-wordpress\/ -->\n<title>Homepage - LesRequinsLutins<\/title>\n<meta name=\"robots\" content=\"index, follow, max-snippet:-1, max-image-preview:large, max-video-preview:-1\" \/>\n<link rel=\"canonical\" href=\"https:\/\/lesrequinslutins.com\/\" \/>\n<meta property=\"og:locale\" content=\"fr_FR\" \/>\n<meta property=\"og:type\" content=\"article\" \/>\n<meta property=\"og:title\" content=\"Homepage - LesRequinsLutins\" \/>\n<meta property=\"og:description\" content=\"\u00c0 la d\u00e9couverte de la reproduction du requin lutin La reproduction du&nbsp;requin lutin&nbsp;reste encore aujourd\u2019hui tr\u00e8s peu connue. En raison de son habitat en grande profondeur, les scientifiques disposent de peu d\u2019observations directes. \u00c0 travers ce site, vous allez d\u00e9couvrir les connaissances actuelles, les hypoth\u00e8ses scientifiques, ainsi que les nombreux myst\u00e8res qui entourent ce ph\u00e9nom\u00e8ne &hellip; Lire la suite de\u00ab\u00a0Homepage\u00a0\u00bb\" \/>\n<meta property=\"og:url\" content=\"https:\/\/lesrequinslutins.com\/\" \/>\n<meta property=\"og:site_name\" content=\"LesRequinsLutins\" \/>\n<meta property=\"article:modified_time\" content=\"2026-04-24T17:39:22+00:00\" \/>\n<meta property=\"og:image\" content=\"https:\/\/lesrequinslutins.com\/wp-content\/uploads\/2026\/03\/ed443b3e87e9265780665885bb08a578-2.jpg\" \/>\n\t<meta property=\"og:image:width\" content=\"1024\" \/>\n\t<meta property=\"og:image:height\" content=\"1024\" \/>\n\t<meta property=\"og:image:type\" content=\"image\/jpeg\" \/>\n<meta name=\"twitter:card\" content=\"summary_large_image\" \/>\n<meta name=\"twitter:label1\" content=\"Dur\u00e9e de lecture estim\u00e9e\" \/>\n\t<meta name=\"twitter:data1\" content=\"3 minutes\" \/>\n<script type=\"application\/ld+json\" class=\"yoast-schema-graph\">{\"@context\":\"https:\\\/\\\/schema.org\",\"@graph\":[{\"@type\":\"WebPage\",\"@id\":\"https:\\\/\\\/lesrequinslutins.com\\\/\",\"url\":\"https:\\\/\\\/lesrequinslutins.com\\\/\",\"name\":\"Homepage - LesRequinsLutins\",\"isPartOf\":{\"@id\":\"https:\\\/\\\/lesrequinslutins.com\\\/#website\"},\"primaryImageOfPage\":{\"@id\":\"https:\\\/\\\/lesrequinslutins.com\\\/#primaryimage\"},\"image\":{\"@id\":\"https:\\\/\\\/lesrequinslutins.com\\\/#primaryimage\"},\"thumbnailUrl\":\"https:\\\/\\\/lesrequinslutins.com\\\/wp-content\\\/uploads\\\/2026\\\/03\\\/ed443b3e87e9265780665885bb08a578-2.jpg\",\"datePublished\":\"2023-11-19T10:39:22+00:00\",\"dateModified\":\"2026-04-24T17:39:22+00:00\",\"breadcrumb\":{\"@id\":\"https:\\\/\\\/lesrequinslutins.com\\\/#breadcrumb\"},\"inLanguage\":\"fr-FR\",\"potentialAction\":[{\"@type\":\"ReadAction\",\"target\":[\"https:\\\/\\\/lesrequinslutins.com\\\/\"]}]},{\"@type\":\"ImageObject\",\"inLanguage\":\"fr-FR\",\"@id\":\"https:\\\/\\\/lesrequinslutins.com\\\/#primaryimage\",\"url\":\"https:\\\/\\\/lesrequinslutins.com\\\/wp-content\\\/uploads\\\/2026\\\/03\\\/ed443b3e87e9265780665885bb08a578-2.jpg\",\"contentUrl\":\"https:\\\/\\\/lesrequinslutins.com\\\/wp-content\\\/uploads\\\/2026\\\/03\\\/ed443b3e87e9265780665885bb08a578-2.jpg\",\"width\":1024,\"height\":1024},{\"@type\":\"BreadcrumbList\",\"@id\":\"https:\\\/\\\/lesrequinslutins.com\\\/#breadcrumb\",\"itemListElement\":[{\"@type\":\"ListItem\",\"position\":1,\"name\":\"Accueil\",\"item\":\"https:\\\/\\\/lesrequinslutins.com\\\/\"},{\"@type\":\"ListItem\",\"position\":2,\"name\":\"Homepage\"}]},{\"@type\":\"WebSite\",\"@id\":\"https:\\\/\\\/lesrequinslutins.com\\\/#website\",\"url\":\"https:\\\/\\\/lesrequinslutins.com\\\/\",\"name\":\"LesRequinsLutins\",\"description\":\"\",\"potentialAction\":[{\"@type\":\"SearchAction\",\"target\":{\"@type\":\"EntryPoint\",\"urlTemplate\":\"https:\\\/\\\/lesrequinslutins.com\\\/?s={search_term_string}\"},\"query-input\":{\"@type\":\"PropertyValueSpecification\",\"valueRequired\":true,\"valueName\":\"search_term_string\"}}],\"inLanguage\":\"fr-FR\"}]}<\/script>\n<!-- \/ Yoast SEO plugin. -->","yoast_head_json":{"title":"Homepage - LesRequinsLutins","robots":{"index":"index","follow":"follow","max-snippet":"max-snippet:-1","max-image-preview":"max-image-preview:large","max-video-preview":"max-video-preview:-1"},"canonical":"https:\/\/lesrequinslutins.com\/","og_locale":"fr_FR","og_type":"article","og_title":"Homepage - LesRequinsLutins","og_description":"\u00c0 la d\u00e9couverte de la reproduction du requin lutin La reproduction du&nbsp;requin lutin&nbsp;reste encore aujourd\u2019hui tr\u00e8s peu connue. En raison de son habitat en grande profondeur, les scientifiques disposent de peu d\u2019observations directes. \u00c0 travers ce site, vous allez d\u00e9couvrir les connaissances actuelles, les hypoth\u00e8ses scientifiques, ainsi que les nombreux myst\u00e8res qui entourent ce ph\u00e9nom\u00e8ne &hellip; Lire la suite de\u00ab\u00a0Homepage\u00a0\u00bb","og_url":"https:\/\/lesrequinslutins.com\/","og_site_name":"LesRequinsLutins","article_modified_time":"2026-04-24T17:39:22+00:00","og_image":[{"width":1024,"height":1024,"url":"https:\/\/lesrequinslutins.com\/wp-content\/uploads\/2026\/03\/ed443b3e87e9265780665885bb08a578-2.jpg","type":"image\/jpeg"}],"twitter_card":"summary_large_image","twitter_misc":{"Dur\u00e9e de lecture estim\u00e9e":"3 minutes"},"schema":{"@context":"https:\/\/schema.org","@graph":[{"@type":"WebPage","@id":"https:\/\/lesrequinslutins.com\/","url":"https:\/\/lesrequinslutins.com\/","name":"Homepage - LesRequinsLutins","isPartOf":{"@id":"https:\/\/lesrequinslutins.com\/#website"},"primaryImageOfPage":{"@id":"https:\/\/lesrequinslutins.com\/#primaryimage"},"image":{"@id":"https:\/\/lesrequinslutins.com\/#primaryimage"},"thumbnailUrl":"https:\/\/lesrequinslutins.com\/wp-content\/uploads\/2026\/03\/ed443b3e87e9265780665885bb08a578-2.jpg","datePublished":"2023-11-19T10:39:22+00:00","dateModified":"2026-04-24T17:39:22+00:00","breadcrumb":{"@id":"https:\/\/lesrequinslutins.com\/#breadcrumb"},"inLanguage":"fr-FR","potentialAction":[{"@type":"ReadAction","target":["https:\/\/lesrequinslutins.com\/"]}]},{"@type":"ImageObject","inLanguage":"fr-FR","@id":"https:\/\/lesrequinslutins.com\/#primaryimage","url":"https:\/\/lesrequinslutins.com\/wp-content\/uploads\/2026\/03\/ed443b3e87e9265780665885bb08a578-2.jpg","contentUrl":"https:\/\/lesrequinslutins.com\/wp-content\/uploads\/2026\/03\/ed443b3e87e9265780665885bb08a578-2.jpg","width":1024,"height":1024},{"@type":"BreadcrumbList","@id":"https:\/\/lesrequinslutins.com\/#breadcrumb","itemListElement":[{"@type":"ListItem","position":1,"name":"Accueil","item":"https:\/\/lesrequinslutins.com\/"},{"@type":"ListItem","position":2,"name":"Homepage"}]},{"@type":"WebSite","@id":"https:\/\/lesrequinslutins.com\/#website","url":"https:\/\/lesrequinslutins.com\/","name":"LesRequinsLutins","description":"","potentialAction":[{"@type":"SearchAction","target":{"@type":"EntryPoint","urlTemplate":"https:\/\/lesrequinslutins.com\/?s={search_term_string}"},"query-input":{"@type":"PropertyValueSpecification","valueRequired":true,"valueName":"search_term_string"}}],"inLanguage":"fr-FR"}]}},"featured_media_urls":[],"_links":{"self":[{"href":"https:\/\/lesrequinslutins.com\/index.php?rest_route=\/wp\/v2\/pages\/6922","targetHints":{"allow":["GET"]}}],"collection":[{"href":"https:\/\/lesrequinslutins.com\/index.php?rest_route=\/wp\/v2\/pages"}],"about":[{"href":"https:\/\/lesrequinslutins.com\/index.php?rest_route=\/wp\/v2\/types\/page"}],"author":[{"embeddable":true,"href":"https:\/\/lesrequinslutins.com\/index.php?rest_route=\/wp\/v2\/users\/1"}],"replies":[{"embeddable":true,"href":"https:\/\/lesrequinslutins.com\/index.php?rest_route=%2Fwp%2Fv2%2Fcomments&post=6922"}],"version-history":[{"count":13,"href":"https:\/\/lesrequinslutins.com\/index.php?rest_route=\/wp\/v2\/pages\/6922\/revisions"}],"predecessor-version":[{"id":7039,"href":"https:\/\/lesrequinslutins.com\/index.php?rest_route=\/wp\/v2\/pages\/6922\/revisions\/7039"}],"wp:attachment":[{"href":"https:\/\/lesrequinslutins.com\/index.php?rest_route=%2Fwp%2Fv2%2Fmedia&parent=6922"}],"curies":[{"name":"wp","href":"https:\/\/api.w.org\/{rel}","templated":true}]}}