{"id":6837,"date":"2023-11-16T13:46:59","date_gmt":"2023-11-16T13:46:59","guid":{"rendered":"https:\/\/demo.wpzoom.com\/inspiro-lite-blocks-xml\/?page_id=6837"},"modified":"2026-04-11T16:22:42","modified_gmt":"2026-04-11T16:22:42","slug":"about-2","status":"publish","type":"page","link":"https:\/\/lesrequinslutins.com\/?page_id=6837","title":{"rendered":"Reproduction du requin lutin"},"content":{"rendered":"\n<div class=\"wp-block-group is-style-default has-global-padding is-layout-constrained wp-container-core-group-is-layout-02ab25f7 wp-block-group-is-layout-constrained\" style=\"padding-top:60px;padding-bottom:60px;padding-left:0\">\n<div class=\"wp-block-group has-global-padding is-layout-constrained wp-block-group-is-layout-constrained\">\n<div class=\"wp-block-columns is-layout-flex wp-container-core-columns-is-layout-d7d455e7 wp-block-columns-is-layout-flex\" style=\"padding-top:0;padding-right:0;padding-bottom:0;padding-left:0\">\n<div class=\"wp-block-column is-vertically-aligned-top is-layout-flow wp-block-column-is-layout-flow\" style=\"flex-basis:50%\">\n<figure class=\"wp-block-image alignfull size-full\"><img fetchpriority=\"high\" decoding=\"async\" width=\"1000\" height=\"604\" src=\"https:\/\/lesrequinslutins.com\/wp-content\/uploads\/2026\/04\/D3Ni-MDQLaecp69Y1E3w-p8v-QrZjjcCuflbWPsdP0Rcdc5xiZGnLiok86UzxVJQReP47H2_0GS_a33a4dzis1CxLeTDNP73qKb7b1i0rLsTFSnQQqobMXD_qWkmYZv9pVGjU6qqOVuzHXnkl65Bur9Sns345iAYDEuSiu1WV8o.jpeg\" alt=\"\" class=\"wp-image-7002\" srcset=\"https:\/\/lesrequinslutins.com\/wp-content\/uploads\/2026\/04\/D3Ni-MDQLaecp69Y1E3w-p8v-QrZjjcCuflbWPsdP0Rcdc5xiZGnLiok86UzxVJQReP47H2_0GS_a33a4dzis1CxLeTDNP73qKb7b1i0rLsTFSnQQqobMXD_qWkmYZv9pVGjU6qqOVuzHXnkl65Bur9Sns345iAYDEuSiu1WV8o.jpeg 1000w, https:\/\/lesrequinslutins.com\/wp-content\/uploads\/2026\/04\/D3Ni-MDQLaecp69Y1E3w-p8v-QrZjjcCuflbWPsdP0Rcdc5xiZGnLiok86UzxVJQReP47H2_0GS_a33a4dzis1CxLeTDNP73qKb7b1i0rLsTFSnQQqobMXD_qWkmYZv9pVGjU6qqOVuzHXnkl65Bur9Sns345iAYDEuSiu1WV8o-300x181.jpeg 300w\" sizes=\"(max-width: 1000px) 100vw, 1000px\" \/><\/figure>\n<\/div>\n\n\n\n<div class=\"wp-block-column is-vertically-aligned-center is-layout-flow wp-block-column-is-layout-flow\" style=\"padding-left:var(--wp--preset--spacing--80);flex-basis:50%\">\n<h2 class=\"wp-block-heading has-large-font-size\">Requins lutins<\/h2>\n\n\n\n<p>La reproduction du requin lutin reste encore tr\u00e8s peu connue en raison de son habitat profond. Les observations sont rares, ce qui rend son \u00e9tude difficile pour les scientifiques Cependant, comme la majorit\u00e9 des requins, le requin lutin est consid\u00e9r\u00e9 comme une esp\u00e8ce ovovivipare. Cela signifie que les \u0153ufs se d\u00e9veloppent \u00e0 l\u2019int\u00e9rieur du corps de la femelle jusqu\u2019\u00e0 leur \u00e9closion. Les embryons grandissent donc prot\u00e9g\u00e9s, avant de na\u00eetre d\u00e9j\u00e0 form\u00e9s et capables de survivre seuls.<\/p>\n\n\n\n<p>\u00c0 leur naissance, les jeunes requins lutins sont imm\u00e9diatement autonomes et doivent s\u2019adapter \u00e0 un environnement profond, sombre et hostile. Ils apprennent rapidement \u00e0 chasser et \u00e0 se d\u00e9placer dans les abysses, en utilisant leurs capacit\u00e9s sensorielles.<\/p>\n\n\n\n<p>Malgr\u00e9 ces connaissances g\u00e9n\u00e9rales, de nombreux aspects restent encore inconnus, notamment la fr\u00e9quence de reproduction, le nombre de petits ou encore les comportements li\u00e9s \u00e0 l\u2019accouplement. Le requin lutin demeure ainsi une esp\u00e8ce fascinante et myst\u00e9rieuse, qui continue d\u2019intriguer les scientifiques du monde entier.<\/p>\n<\/div>\n<\/div>\n<\/div>\n<\/div>\n\n\n\n<div class=\"wp-block-group has-global-padding is-layout-constrained wp-block-group-is-layout-constrained\">\n<div class=\"wp-block-group is-layout-flow wp-block-group-is-layout-flow\">\n<h3 class=\"wp-block-heading has-text-align-center has-large-font-size\">UNE VIE <\/h3>\n\n\n\n<div style=\"height:100px\" aria-hidden=\"true\" class=\"wp-block-spacer\"><\/div>\n\n\n\n<div class=\"wp-block-columns is-layout-flex wp-container-core-columns-is-layout-28f84493 wp-block-columns-is-layout-flex\">\n<div class=\"wp-block-column is-style-default is-layout-flow wp-block-column-is-layout-flow\" style=\"border-style:none;border-width:0px;padding-top:0;padding-right:0;padding-bottom:0;padding-left:0\">\n<div class=\"wp-block-outermost-icon-block aligncenter items-justified-left\"><div class=\"icon-container has-icon-color\" style=\"color:#0bb4aa;width:48px;transform:rotate(0deg) scaleX(1) scaleY(1)\"><svg width=\"50\" height=\"50\" viewBox=\"0 0 50 50\" fill=\"none\" xmlns=\"http:\/\/www.w3.org\/2000\/svg\"><path d=\"M50 27.7778H31.6667L44.7222 40.8333L40.8333 44.7222L27.7778 31.6667V50H22.2222V31.3889L9.16667 44.4444L5.27778 40.5556L17.7778 27.7778H0V22.2222H18.3333L5.27778 9.16667L9.16667 5.27778L22.2222 18.3333V0H27.7778V17.7778L40.5556 5L44.4444 9.16667L31.3889 22.2222H50V27.7778Z\" fill=\"var(--wp--preset--color--primary)\"><\/path><\/svg><\/div><\/div>\n\n\n\n<h2 class=\"wp-block-heading\">Un mode ovovivipare<\/h2>\n\n\n\n<p>Etiam porta sem malesuada magna mollis euismod. Donec id elit non mi porta gravida at eget metus. Cras justo odio, dapibus ac facilisis in, egestas eget quam.<\/p>\n\n\n\n<p><a href=\"#\">SAVOIR PLUS \u2192<\/a><\/p>\n<\/div>\n\n\n\n<div class=\"wp-block-column is-style-default is-layout-flow wp-block-column-is-layout-flow\" style=\"border-style:none;border-width:0px;padding-top:0;padding-right:0;padding-bottom:0;padding-left:0\">\n<div class=\"wp-block-outermost-icon-block aligncenter items-justified-left\"><div class=\"icon-container has-icon-color\" style=\"color:#0bb4aa;width:48px;transform:rotate(0deg) scaleX(1) scaleY(1)\"><svg width=\"50\" height=\"50\" viewBox=\"0 0 50 50\" fill=\"none\" xmlns=\"http:\/\/www.w3.org\/2000\/svg\"><path d=\"M50 27.7778H31.6667L44.7222 40.8333L40.8333 44.7222L27.7778 31.6667V50H22.2222V31.3889L9.16667 44.4444L5.27778 40.5556L17.7778 27.7778H0V22.2222H18.3333L5.27778 9.16667L9.16667 5.27778L22.2222 18.3333V0H27.7778V17.7778L40.5556 5L44.4444 9.16667L31.3889 22.2222H50V27.7778Z\" fill=\"var(--wp--preset--color--primary)\"><\/path><\/svg><\/div><\/div>\n\n\n\n<h2 class=\"wp-block-heading\">Naissance des petits<\/h2>\n\n\n\n<p>Etiam porta sem malesuada magna mollis euismod. Donec id elit non mi porta gravida at eget metus. Cras justo odio, dapibus ac facilisis in, egestas eget quam.<\/p>\n\n\n\n<p><a href=\"#\">SAVOIR PLUS \u2192<\/a><\/p>\n<\/div>\n\n\n\n<div class=\"wp-block-column is-style-default is-layout-flow wp-block-column-is-layout-flow\" style=\"border-style:none;border-width:0px;padding-top:0;padding-right:0;padding-bottom:0;padding-left:0\">\n<div class=\"wp-block-outermost-icon-block aligncenter items-justified-left\"><div class=\"icon-container has-icon-color\" style=\"color:#0bb4aa;width:48px;transform:rotate(0deg) scaleX(1) scaleY(1)\"><svg width=\"50\" height=\"50\" viewBox=\"0 0 50 50\" fill=\"none\" xmlns=\"http:\/\/www.w3.org\/2000\/svg\"><path d=\"M50 27.7778H31.6667L44.7222 40.8333L40.8333 44.7222L27.7778 31.6667V50H22.2222V31.3889L9.16667 44.4444L5.27778 40.5556L17.7778 27.7778H0V22.2222H18.3333L5.27778 9.16667L9.16667 5.27778L22.2222 18.3333V0H27.7778V17.7778L40.5556 5L44.4444 9.16667L31.3889 22.2222H50V27.7778Z\" fill=\"var(--wp--preset--color--primary)\"><\/path><\/svg><\/div><\/div>\n\n\n\n<h2 class=\"wp-block-heading\">Un myst\u00e8re scientifique<\/h2>\n\n\n\n<p>Etiam porta sem malesuada magna mollis euismod. Donec id elit non mi porta gravida at eget metus. Cras justo odio, dapibus ac facilisis in, egestas eget quam.<\/p>\n\n\n\n<p><a href=\"#\">SAVOIR PLUS \u2192<\/a><\/p>\n<\/div>\n<\/div>\n<\/div>\n<\/div>\n\n\n\n<div id=\"team\" class=\"wp-block-group has-global-padding is-layout-constrained wp-block-group-is-layout-constrained\">\n<div class=\"wp-block-group is-layout-flow wp-block-group-is-layout-flow\">\n<h2 class=\"wp-block-heading has-large-font-size\"><strong>Les caract\u00e9ristiques du requin lutin<\/strong><\/h2>\n\n\n\n<div style=\"height:0px\" aria-hidden=\"true\" class=\"wp-block-spacer\"><\/div>\n\n\n\n<div class=\"wp-block-columns is-layout-flex wp-container-core-columns-is-layout-28f84493 wp-block-columns-is-layout-flex\">\n<div class=\"wp-block-column is-style-default is-layout-flow wp-block-column-is-layout-flow\" style=\"border-style:none;border-width:0px;padding-top:0;padding-right:0;padding-bottom:0;padding-left:0\">\n<figure class=\"wp-block-image size-full\"><img decoding=\"async\" width=\"812\" height=\"330\" src=\"https:\/\/lesrequinslutins.com\/wp-content\/uploads\/2026\/04\/Vc421CUfvRzKNkGgZl6gJVB2VRo3OXZ1gF8VavInq8JR2f6oX1z7V7b92lM-bZoXP_alkyvxZJPnmDNQCQTNJdU9Rr4yUq5STXi5dJdQZLhHCeD_B-ksTni0g726IRFuXBm8VkyK__tuWIgU1MQT8p8AFPkVatkPUng5dKxLIvQRsuRlPPLdBADHHOkQEkgt.jpeg\" alt=\"\" class=\"wp-image-7010\" style=\"aspect-ratio:2.460674157303371\" srcset=\"https:\/\/lesrequinslutins.com\/wp-content\/uploads\/2026\/04\/Vc421CUfvRzKNkGgZl6gJVB2VRo3OXZ1gF8VavInq8JR2f6oX1z7V7b92lM-bZoXP_alkyvxZJPnmDNQCQTNJdU9Rr4yUq5STXi5dJdQZLhHCeD_B-ksTni0g726IRFuXBm8VkyK__tuWIgU1MQT8p8AFPkVatkPUng5dKxLIvQRsuRlPPLdBADHHOkQEkgt.jpeg 812w, https:\/\/lesrequinslutins.com\/wp-content\/uploads\/2026\/04\/Vc421CUfvRzKNkGgZl6gJVB2VRo3OXZ1gF8VavInq8JR2f6oX1z7V7b92lM-bZoXP_alkyvxZJPnmDNQCQTNJdU9Rr4yUq5STXi5dJdQZLhHCeD_B-ksTni0g726IRFuXBm8VkyK__tuWIgU1MQT8p8AFPkVatkPUng5dKxLIvQRsuRlPPLdBADHHOkQEkgt-300x122.jpeg 300w\" sizes=\"(max-width: 812px) 100vw, 812px\" \/><\/figure>\n\n\n\n<h3 class=\"wp-block-heading\">Un pr\u00e9dateur des profondeurs<\/h3>\n\n\n\n<p>Le requin lutin vit dans les abysses, entre 200 et 1000 m\u00e8tres de profondeur, dans un environnement sombre et extr\u00eame.<\/p>\n<\/div>\n\n\n\n<div class=\"wp-block-column is-style-default is-layout-flow wp-block-column-is-layout-flow\" style=\"border-style:none;border-width:0px;padding-top:0;padding-right:0;padding-bottom:0;padding-left:0\">\n<figure class=\"wp-block-image size-full\"><img decoding=\"async\" width=\"2560\" height=\"1280\" src=\"https:\/\/lesrequinslutins.com\/wp-content\/uploads\/2026\/04\/UDtwhUwxS8sRtQPLYG9Vk4DDd4YdG_MFuaVgoB2jnckkAt6H63KRt6AAuro3Wl1-1UIKyKU3DcgnwMTn1mEN1oWTF5T3aiyLHN8MQiSLAKzKgIwIi6fD_SKnIku8z0-2kPyz9P_TqXA4P5i_jtohNgoIXPJDRXMsJTy6l2lYpGdMATmWim-OdcWfT65mavqu-scaled.jpeg\" alt=\"\" class=\"wp-image-7008\" style=\"aspect-ratio:2.000080821142811\" srcset=\"https:\/\/lesrequinslutins.com\/wp-content\/uploads\/2026\/04\/UDtwhUwxS8sRtQPLYG9Vk4DDd4YdG_MFuaVgoB2jnckkAt6H63KRt6AAuro3Wl1-1UIKyKU3DcgnwMTn1mEN1oWTF5T3aiyLHN8MQiSLAKzKgIwIi6fD_SKnIku8z0-2kPyz9P_TqXA4P5i_jtohNgoIXPJDRXMsJTy6l2lYpGdMATmWim-OdcWfT65mavqu-scaled.jpeg 2560w, https:\/\/lesrequinslutins.com\/wp-content\/uploads\/2026\/04\/UDtwhUwxS8sRtQPLYG9Vk4DDd4YdG_MFuaVgoB2jnckkAt6H63KRt6AAuro3Wl1-1UIKyKU3DcgnwMTn1mEN1oWTF5T3aiyLHN8MQiSLAKzKgIwIi6fD_SKnIku8z0-2kPyz9P_TqXA4P5i_jtohNgoIXPJDRXMsJTy6l2lYpGdMATmWim-OdcWfT65mavqu-300x150.jpeg 300w, https:\/\/lesrequinslutins.com\/wp-content\/uploads\/2026\/04\/UDtwhUwxS8sRtQPLYG9Vk4DDd4YdG_MFuaVgoB2jnckkAt6H63KRt6AAuro3Wl1-1UIKyKU3DcgnwMTn1mEN1oWTF5T3aiyLHN8MQiSLAKzKgIwIi6fD_SKnIku8z0-2kPyz9P_TqXA4P5i_jtohNgoIXPJDRXMsJTy6l2lYpGdMATmWim-OdcWfT65mavqu-1024x512.jpeg 1024w, https:\/\/lesrequinslutins.com\/wp-content\/uploads\/2026\/04\/UDtwhUwxS8sRtQPLYG9Vk4DDd4YdG_MFuaVgoB2jnckkAt6H63KRt6AAuro3Wl1-1UIKyKU3DcgnwMTn1mEN1oWTF5T3aiyLHN8MQiSLAKzKgIwIi6fD_SKnIku8z0-2kPyz9P_TqXA4P5i_jtohNgoIXPJDRXMsJTy6l2lYpGdMATmWim-OdcWfT65mavqu-2000x1000.jpeg 2000w\" sizes=\"(max-width: 2560px) 100vw, 2560px\" \/><\/figure>\n\n\n\n<h3 class=\"wp-block-heading\">Une m\u00e2choire unique<\/h3>\n\n\n\n<p>Sa m\u00e2choire peut se projeter vers l\u2019avant pour capturer ses proies, une technique rare dans le monde marin.<\/p>\n<\/div>\n\n\n\n<div class=\"wp-block-column is-style-default is-layout-flow wp-block-column-is-layout-flow\" style=\"border-style:none;border-width:0px;padding-top:0;padding-right:0;padding-bottom:0;padding-left:0\">\n<figure class=\"wp-block-image size-full is-resized\"><img loading=\"lazy\" decoding=\"async\" width=\"800\" height=\"500\" src=\"https:\/\/lesrequinslutins.com\/wp-content\/uploads\/2026\/04\/zV_XLAGz1TczSwa68d6Lj3WyBDxZuZ6f2G_0gjAEx_yoBrkMcXwJXlVUjRzp0W3gpPYEyjqfFVqEZLDr6nSWxeeV9QIknUFZYfzwSXyHbo2bYMe-uoP4V0EWxemLvjemsPwSluCsCbXyMku9YZnF7cnJS1KyLEWVTFtbPAMq8MkhZp-xLYW_W8tPoTw1Jk2l.jpeg\" alt=\"\" class=\"wp-image-7009\" style=\"aspect-ratio:1.6000905211431526;width:313px;height:auto\" srcset=\"https:\/\/lesrequinslutins.com\/wp-content\/uploads\/2026\/04\/zV_XLAGz1TczSwa68d6Lj3WyBDxZuZ6f2G_0gjAEx_yoBrkMcXwJXlVUjRzp0W3gpPYEyjqfFVqEZLDr6nSWxeeV9QIknUFZYfzwSXyHbo2bYMe-uoP4V0EWxemLvjemsPwSluCsCbXyMku9YZnF7cnJS1KyLEWVTFtbPAMq8MkhZp-xLYW_W8tPoTw1Jk2l.jpeg 800w, https:\/\/lesrequinslutins.com\/wp-content\/uploads\/2026\/04\/zV_XLAGz1TczSwa68d6Lj3WyBDxZuZ6f2G_0gjAEx_yoBrkMcXwJXlVUjRzp0W3gpPYEyjqfFVqEZLDr6nSWxeeV9QIknUFZYfzwSXyHbo2bYMe-uoP4V0EWxemLvjemsPwSluCsCbXyMku9YZnF7cnJS1KyLEWVTFtbPAMq8MkhZp-xLYW_W8tPoTw1Jk2l-300x188.jpeg 300w\" sizes=\"(max-width: 800px) 100vw, 800px\" \/><\/figure>\n\n\n\n<h3 class=\"wp-block-heading\">Une apparence fascinante<\/h3>\n\n\n\n<p>Avec son long museau et sa peau ros\u00e9e, le requin lutin poss\u00e8de une apparence unique qui le rend imm\u00e9diatement reconnaissable.<\/p>\n<\/div>\n<\/div>\n<\/div>\n<\/div>\n\n\n\n<div class=\"wp-block-group has-global-padding is-layout-constrained wp-block-group-is-layout-constrained\">\n<div class=\"wp-block-group is-layout-flow wp-block-group-is-layout-flow\">\n<div class=\"wp-block-columns is-layout-flex wp-container-core-columns-is-layout-28f84493 wp-block-columns-is-layout-flex\">\n<div class=\"wp-block-column is-layout-flow wp-block-column-is-layout-flow\">\n<p class=\"has-text-align-left has-text-color\" style=\"color:#0bb4aa\">WHERE ARE WE LOCATED<\/p>\n\n\n\n<h2 class=\"wp-block-heading has-text-align-left has-large-font-size\">Our Location<\/h2>\n\n\n\n<div class=\"wp-block-columns is-layout-flex wp-container-core-columns-is-layout-28f84493 wp-block-columns-is-layout-flex\">\n<div class=\"wp-block-column is-layout-flow wp-block-column-is-layout-flow\">\n<p style=\"line-height:2.5\">Amsterdam<br>Munich<br>Brussels<br>Hong Kong<br>Barcelona<\/p>\n<\/div>\n\n\n\n<div class=\"wp-block-column is-layout-flow wp-block-column-is-layout-flow\">\n<p style=\"line-height:2.5\">New York<br>Paris<br>San Francisco<br>Sydney<br>Tokyo<\/p>\n<\/div>\n<\/div>\n<\/div>\n\n\n\n<div class=\"wp-block-column is-layout-flow wp-block-column-is-layout-flow\">\n<figure class=\"wp-block-image size-large\"><img decoding=\"async\" src=\"https:\/\/demo.wpzoom.com\/inspiro-lite-blocks-xml\/wp-content\/themes\/inspiro-lite\/assets\/images\/map.png\" alt=\"\" class=\"wp-image-5640\"\/><\/figure>\n<\/div>\n<\/div>\n\n\n\n<div style=\"height:100px\" aria-hidden=\"true\" class=\"wp-block-spacer\"><\/div>\n\n\n\n<hr class=\"wp-block-separator has-text-color has-background-color has-alpha-channel-opacity has-background-background-color has-background is-style-wide\"\/>\n\n\n\n<div class=\"wp-block-columns are-vertically-aligned-center is-layout-flex wp-container-core-columns-is-layout-4ed999c3 wp-block-columns-is-layout-flex\" style=\"padding-top:var(--wp--preset--spacing--60);padding-bottom:var(--wp--preset--spacing--60);padding-left:0\">\n<div class=\"wp-block-column is-vertically-aligned-center has-global-padding is-content-justification-left is-layout-constrained wp-container-core-column-is-layout-12dd3699 wp-block-column-is-layout-constrained\" style=\"flex-basis:66.66%\">\n<h2 class=\"wp-block-heading\">Thinking about joining our team?<\/h2>\n\n\n\n<p>Check out our open positions, or drop us a line, say hi.<\/p>\n<\/div>\n\n\n\n<div class=\"wp-block-column is-vertically-aligned-center is-layout-flow wp-block-column-is-layout-flow\" style=\"flex-basis:33.33%\">\n<div class=\"wp-block-buttons is-content-justification-right is-layout-flex wp-container-core-buttons-is-layout-d445cf74 wp-block-buttons-is-layout-flex\">\n<div class=\"wp-block-button\"><a class=\"wp-block-button__link has-primary-background-color has-background wp-element-button\">View Job Openings<\/a><\/div>\n<\/div>\n<\/div>\n<\/div>\n<\/div>\n<\/div>\n\n\n\n<div style=\"height:50px\" aria-hidden=\"true\" class=\"wp-block-spacer\"><\/div>\n\n\n\n<p><\/p>\n","protected":false},"excerpt":{"rendered":"<p>Requins lutins La reproduction du requin lutin reste encore tr\u00e8s peu connue en raison de son habitat profond. Les observations sont rares, ce qui rend son \u00e9tude difficile pour les scientifiques Cependant, comme la majorit\u00e9 des requins, le requin lutin est consid\u00e9r\u00e9 comme une esp\u00e8ce ovovivipare. Cela signifie que les \u0153ufs se d\u00e9veloppent \u00e0 l\u2019int\u00e9rieur &hellip; <\/p>\n<p class=\"link-more\"><a href=\"https:\/\/lesrequinslutins.com\/?page_id=6837\" class=\"more-link\">Lire la suite de<span class=\"screen-reader-text\">\u00ab\u00a0Reproduction du requin lutin\u00a0\u00bb<\/span><\/a><\/p>\n","protected":false},"author":1,"featured_media":0,"parent":0,"menu_order":0,"comment_status":"closed","ping_status":"closed","template":"","meta":{"inspiro_hide_title":false,"footnotes":""},"class_list":["post-6837","page","type-page","status-publish","hentry"],"yoast_head":"<!-- This site is optimized with the Yoast SEO plugin v27.3 - https:\/\/yoast.com\/product\/yoast-seo-wordpress\/ -->\n<title>Reproduction du requin lutin - LesRequinsLutins<\/title>\n<meta name=\"robots\" content=\"index, follow, max-snippet:-1, max-image-preview:large, max-video-preview:-1\" \/>\n<link rel=\"canonical\" href=\"https:\/\/lesrequinslutins.com\/?page_id=6837\" \/>\n<meta property=\"og:locale\" content=\"fr_FR\" \/>\n<meta property=\"og:type\" content=\"article\" \/>\n<meta property=\"og:title\" content=\"Reproduction du requin lutin - LesRequinsLutins\" \/>\n<meta property=\"og:description\" content=\"Requins lutins La reproduction du requin lutin reste encore tr\u00e8s peu connue en raison de son habitat profond. Les observations sont rares, ce qui rend son \u00e9tude difficile pour les scientifiques Cependant, comme la majorit\u00e9 des requins, le requin lutin est consid\u00e9r\u00e9 comme une esp\u00e8ce ovovivipare. Cela signifie que les \u0153ufs se d\u00e9veloppent \u00e0 l\u2019int\u00e9rieur &hellip; Lire la suite de\u00ab\u00a0Reproduction du requin lutin\u00a0\u00bb\" \/>\n<meta property=\"og:url\" content=\"https:\/\/lesrequinslutins.com\/?page_id=6837\" \/>\n<meta property=\"og:site_name\" content=\"LesRequinsLutins\" \/>\n<meta property=\"article:modified_time\" content=\"2026-04-11T16:22:42+00:00\" \/>\n<meta property=\"og:image\" content=\"https:\/\/lesrequinslutins.com\/wp-content\/uploads\/2026\/04\/D3Ni-MDQLaecp69Y1E3w-p8v-QrZjjcCuflbWPsdP0Rcdc5xiZGnLiok86UzxVJQReP47H2_0GS_a33a4dzis1CxLeTDNP73qKb7b1i0rLsTFSnQQqobMXD_qWkmYZv9pVGjU6qqOVuzHXnkl65Bur9Sns345iAYDEuSiu1WV8o.jpeg\" \/>\n<meta name=\"twitter:card\" content=\"summary_large_image\" \/>\n<meta name=\"twitter:label1\" content=\"Dur\u00e9e de lecture estim\u00e9e\" \/>\n\t<meta name=\"twitter:data1\" content=\"3 minutes\" \/>\n<script type=\"application\/ld+json\" class=\"yoast-schema-graph\">{\"@context\":\"https:\\\/\\\/schema.org\",\"@graph\":[{\"@type\":\"WebPage\",\"@id\":\"https:\\\/\\\/lesrequinslutins.com\\\/?page_id=6837\",\"url\":\"https:\\\/\\\/lesrequinslutins.com\\\/?page_id=6837\",\"name\":\"Reproduction du requin lutin - LesRequinsLutins\",\"isPartOf\":{\"@id\":\"https:\\\/\\\/lesrequinslutins.com\\\/#website\"},\"primaryImageOfPage\":{\"@id\":\"https:\\\/\\\/lesrequinslutins.com\\\/?page_id=6837#primaryimage\"},\"image\":{\"@id\":\"https:\\\/\\\/lesrequinslutins.com\\\/?page_id=6837#primaryimage\"},\"thumbnailUrl\":\"https:\\\/\\\/lesrequinslutins.com\\\/wp-content\\\/uploads\\\/2026\\\/04\\\/D3Ni-MDQLaecp69Y1E3w-p8v-QrZjjcCuflbWPsdP0Rcdc5xiZGnLiok86UzxVJQReP47H2_0GS_a33a4dzis1CxLeTDNP73qKb7b1i0rLsTFSnQQqobMXD_qWkmYZv9pVGjU6qqOVuzHXnkl65Bur9Sns345iAYDEuSiu1WV8o.jpeg\",\"datePublished\":\"2023-11-16T13:46:59+00:00\",\"dateModified\":\"2026-04-11T16:22:42+00:00\",\"breadcrumb\":{\"@id\":\"https:\\\/\\\/lesrequinslutins.com\\\/?page_id=6837#breadcrumb\"},\"inLanguage\":\"fr-FR\",\"potentialAction\":[{\"@type\":\"ReadAction\",\"target\":[\"https:\\\/\\\/lesrequinslutins.com\\\/?page_id=6837\"]}]},{\"@type\":\"ImageObject\",\"inLanguage\":\"fr-FR\",\"@id\":\"https:\\\/\\\/lesrequinslutins.com\\\/?page_id=6837#primaryimage\",\"url\":\"https:\\\/\\\/lesrequinslutins.com\\\/wp-content\\\/uploads\\\/2026\\\/04\\\/D3Ni-MDQLaecp69Y1E3w-p8v-QrZjjcCuflbWPsdP0Rcdc5xiZGnLiok86UzxVJQReP47H2_0GS_a33a4dzis1CxLeTDNP73qKb7b1i0rLsTFSnQQqobMXD_qWkmYZv9pVGjU6qqOVuzHXnkl65Bur9Sns345iAYDEuSiu1WV8o.jpeg\",\"contentUrl\":\"https:\\\/\\\/lesrequinslutins.com\\\/wp-content\\\/uploads\\\/2026\\\/04\\\/D3Ni-MDQLaecp69Y1E3w-p8v-QrZjjcCuflbWPsdP0Rcdc5xiZGnLiok86UzxVJQReP47H2_0GS_a33a4dzis1CxLeTDNP73qKb7b1i0rLsTFSnQQqobMXD_qWkmYZv9pVGjU6qqOVuzHXnkl65Bur9Sns345iAYDEuSiu1WV8o.jpeg\",\"width\":1000,\"height\":604},{\"@type\":\"BreadcrumbList\",\"@id\":\"https:\\\/\\\/lesrequinslutins.com\\\/?page_id=6837#breadcrumb\",\"itemListElement\":[{\"@type\":\"ListItem\",\"position\":1,\"name\":\"Accueil\",\"item\":\"https:\\\/\\\/lesrequinslutins.com\\\/\"},{\"@type\":\"ListItem\",\"position\":2,\"name\":\"Reproduction du requin lutin\"}]},{\"@type\":\"WebSite\",\"@id\":\"https:\\\/\\\/lesrequinslutins.com\\\/#website\",\"url\":\"https:\\\/\\\/lesrequinslutins.com\\\/\",\"name\":\"LesRequinsLutins\",\"description\":\"\",\"potentialAction\":[{\"@type\":\"SearchAction\",\"target\":{\"@type\":\"EntryPoint\",\"urlTemplate\":\"https:\\\/\\\/lesrequinslutins.com\\\/?s={search_term_string}\"},\"query-input\":{\"@type\":\"PropertyValueSpecification\",\"valueRequired\":true,\"valueName\":\"search_term_string\"}}],\"inLanguage\":\"fr-FR\"}]}<\/script>\n<!-- \/ Yoast SEO plugin. -->","yoast_head_json":{"title":"Reproduction du requin lutin - LesRequinsLutins","robots":{"index":"index","follow":"follow","max-snippet":"max-snippet:-1","max-image-preview":"max-image-preview:large","max-video-preview":"max-video-preview:-1"},"canonical":"https:\/\/lesrequinslutins.com\/?page_id=6837","og_locale":"fr_FR","og_type":"article","og_title":"Reproduction du requin lutin - LesRequinsLutins","og_description":"Requins lutins La reproduction du requin lutin reste encore tr\u00e8s peu connue en raison de son habitat profond. Les observations sont rares, ce qui rend son \u00e9tude difficile pour les scientifiques Cependant, comme la majorit\u00e9 des requins, le requin lutin est consid\u00e9r\u00e9 comme une esp\u00e8ce ovovivipare. Cela signifie que les \u0153ufs se d\u00e9veloppent \u00e0 l\u2019int\u00e9rieur &hellip; Lire la suite de\u00ab\u00a0Reproduction du requin lutin\u00a0\u00bb","og_url":"https:\/\/lesrequinslutins.com\/?page_id=6837","og_site_name":"LesRequinsLutins","article_modified_time":"2026-04-11T16:22:42+00:00","og_image":[{"url":"https:\/\/lesrequinslutins.com\/wp-content\/uploads\/2026\/04\/D3Ni-MDQLaecp69Y1E3w-p8v-QrZjjcCuflbWPsdP0Rcdc5xiZGnLiok86UzxVJQReP47H2_0GS_a33a4dzis1CxLeTDNP73qKb7b1i0rLsTFSnQQqobMXD_qWkmYZv9pVGjU6qqOVuzHXnkl65Bur9Sns345iAYDEuSiu1WV8o.jpeg","type":"","width":"","height":""}],"twitter_card":"summary_large_image","twitter_misc":{"Dur\u00e9e de lecture estim\u00e9e":"3 minutes"},"schema":{"@context":"https:\/\/schema.org","@graph":[{"@type":"WebPage","@id":"https:\/\/lesrequinslutins.com\/?page_id=6837","url":"https:\/\/lesrequinslutins.com\/?page_id=6837","name":"Reproduction du requin lutin - LesRequinsLutins","isPartOf":{"@id":"https:\/\/lesrequinslutins.com\/#website"},"primaryImageOfPage":{"@id":"https:\/\/lesrequinslutins.com\/?page_id=6837#primaryimage"},"image":{"@id":"https:\/\/lesrequinslutins.com\/?page_id=6837#primaryimage"},"thumbnailUrl":"https:\/\/lesrequinslutins.com\/wp-content\/uploads\/2026\/04\/D3Ni-MDQLaecp69Y1E3w-p8v-QrZjjcCuflbWPsdP0Rcdc5xiZGnLiok86UzxVJQReP47H2_0GS_a33a4dzis1CxLeTDNP73qKb7b1i0rLsTFSnQQqobMXD_qWkmYZv9pVGjU6qqOVuzHXnkl65Bur9Sns345iAYDEuSiu1WV8o.jpeg","datePublished":"2023-11-16T13:46:59+00:00","dateModified":"2026-04-11T16:22:42+00:00","breadcrumb":{"@id":"https:\/\/lesrequinslutins.com\/?page_id=6837#breadcrumb"},"inLanguage":"fr-FR","potentialAction":[{"@type":"ReadAction","target":["https:\/\/lesrequinslutins.com\/?page_id=6837"]}]},{"@type":"ImageObject","inLanguage":"fr-FR","@id":"https:\/\/lesrequinslutins.com\/?page_id=6837#primaryimage","url":"https:\/\/lesrequinslutins.com\/wp-content\/uploads\/2026\/04\/D3Ni-MDQLaecp69Y1E3w-p8v-QrZjjcCuflbWPsdP0Rcdc5xiZGnLiok86UzxVJQReP47H2_0GS_a33a4dzis1CxLeTDNP73qKb7b1i0rLsTFSnQQqobMXD_qWkmYZv9pVGjU6qqOVuzHXnkl65Bur9Sns345iAYDEuSiu1WV8o.jpeg","contentUrl":"https:\/\/lesrequinslutins.com\/wp-content\/uploads\/2026\/04\/D3Ni-MDQLaecp69Y1E3w-p8v-QrZjjcCuflbWPsdP0Rcdc5xiZGnLiok86UzxVJQReP47H2_0GS_a33a4dzis1CxLeTDNP73qKb7b1i0rLsTFSnQQqobMXD_qWkmYZv9pVGjU6qqOVuzHXnkl65Bur9Sns345iAYDEuSiu1WV8o.jpeg","width":1000,"height":604},{"@type":"BreadcrumbList","@id":"https:\/\/lesrequinslutins.com\/?page_id=6837#breadcrumb","itemListElement":[{"@type":"ListItem","position":1,"name":"Accueil","item":"https:\/\/lesrequinslutins.com\/"},{"@type":"ListItem","position":2,"name":"Reproduction du requin lutin"}]},{"@type":"WebSite","@id":"https:\/\/lesrequinslutins.com\/#website","url":"https:\/\/lesrequinslutins.com\/","name":"LesRequinsLutins","description":"","potentialAction":[{"@type":"SearchAction","target":{"@type":"EntryPoint","urlTemplate":"https:\/\/lesrequinslutins.com\/?s={search_term_string}"},"query-input":{"@type":"PropertyValueSpecification","valueRequired":true,"valueName":"search_term_string"}}],"inLanguage":"fr-FR"}]}},"featured_media_urls":[],"_links":{"self":[{"href":"https:\/\/lesrequinslutins.com\/index.php?rest_route=\/wp\/v2\/pages\/6837","targetHints":{"allow":["GET"]}}],"collection":[{"href":"https:\/\/lesrequinslutins.com\/index.php?rest_route=\/wp\/v2\/pages"}],"about":[{"href":"https:\/\/lesrequinslutins.com\/index.php?rest_route=\/wp\/v2\/types\/page"}],"author":[{"embeddable":true,"href":"https:\/\/lesrequinslutins.com\/index.php?rest_route=\/wp\/v2\/users\/1"}],"replies":[{"embeddable":true,"href":"https:\/\/lesrequinslutins.com\/index.php?rest_route=%2Fwp%2Fv2%2Fcomments&post=6837"}],"version-history":[{"count":2,"href":"https:\/\/lesrequinslutins.com\/index.php?rest_route=\/wp\/v2\/pages\/6837\/revisions"}],"predecessor-version":[{"id":7011,"href":"https:\/\/lesrequinslutins.com\/index.php?rest_route=\/wp\/v2\/pages\/6837\/revisions\/7011"}],"wp:attachment":[{"href":"https:\/\/lesrequinslutins.com\/index.php?rest_route=%2Fwp%2Fv2%2Fmedia&parent=6837"}],"curies":[{"name":"wp","href":"https:\/\/api.w.org\/{rel}","templated":true}]}}